{"id":10312,"date":"2021-05-24T10:52:37","date_gmt":"2021-05-24T08:52:37","guid":{"rendered":"https:\/\/leisurepools.eu\/blog-leisure-pools-europe\/"},"modified":"2023-06-29T13:30:24","modified_gmt":"2023-06-29T11:30:24","slug":"blog-leisure-pools-europe","status":"publish","type":"page","link":"https:\/\/leisurepools.eu\/fr\/blog-leisure-pools-europe\/","title":{"rendered":"Blog Leisure Pools Europe"},"content":{"rendered":"<p><div class=\"fusion-fullwidth fullwidth-box fusion-builder-row-1 fusion-flex-container has-pattern-background has-mask-background nonhundred-percent-fullwidth non-hundred-percent-height-scrolling\" style=\"--awb-background-position:left bottom;--awb-border-sizes-top:0px;--awb-border-sizes-bottom:0px;--awb-border-sizes-left:0px;--awb-border-sizes-right:0px;--awb-border-radius-top-left:0px;--awb-border-radius-top-right:0px;--awb-border-radius-bottom-right:0px;--awb-border-radius-bottom-left:0px;--awb-padding-top:0px;--awb-padding-right:0px;--awb-padding-bottom:0px;--awb-padding-left:0px;--awb-margin-top:0px;--awb-margin-bottom:0px;--awb-flex-wrap:wrap;\" id=\"libraryhero\" ><div class=\"fusion-builder-row fusion-row fusion-flex-align-items-flex-end fusion-flex-content-wrap\" style=\"max-width:calc( 1600px + 0px );margin-left: calc(-0px \/ 2 );margin-right: calc(-0px \/ 2 );\"><div class=\"fusion-layout-column fusion_builder_column fusion-builder-column-0 fusion_builder_column_1_1 1_1 fusion-flex-column\" style=\"--awb-bg-size:cover;--awb-width-large:100%;--awb-margin-top-large:0px;--awb-spacing-right-large:0px;--awb-margin-bottom-large:0px;--awb-spacing-left-large:0px;--awb-width-medium:100%;--awb-order-medium:0;--awb-spacing-right-medium:0px;--awb-spacing-left-medium:0px;--awb-width-small:100%;--awb-order-small:0;--awb-spacing-right-small:0px;--awb-spacing-left-small:0px;\"><div class=\"fusion-column-wrapper fusion-column-has-shadow fusion-flex-justify-content-flex-start fusion-content-layout-column\"><div class=\"fusion-text fusion-text-1\"><h1 class=\"visuallyhidden\">Blog de Leisure Pools<\/h1>\n<\/div><div class=\"fusion-image-element \" style=\"--awb-caption-title-font-family:var(--h2_typography-font-family);--awb-caption-title-font-weight:var(--h2_typography-font-weight);--awb-caption-title-font-style:var(--h2_typography-font-style);--awb-caption-title-size:var(--h2_typography-font-size);--awb-caption-title-transform:var(--h2_typography-text-transform);--awb-caption-title-line-height:var(--h2_typography-line-height);--awb-caption-title-letter-spacing:var(--h2_typography-letter-spacing);\"><span class=\" fusion-imageframe imageframe-none imageframe-1 hover-type-none\"><img decoding=\"async\" width=\"1600\" height=\"900\" alt=\"The Leisure Pools fibreglass swimming pool blog\" title=\"leisure-library-landing-page\" src=\"https:\/\/leisurepools.eu\/wp-content\/uploads\/2020\/06\/leisure-library-landing-page.jpg\" data-orig-src=\"https:\/\/leisurepools.eu\/wp-content\/uploads\/2020\/06\/leisure-library-landing-page.jpg\" class=\"lazyload img-responsive wp-image-16628\" srcset=\"data:image\/svg+xml,%3Csvg%20xmlns%3D%27http%3A%2F%2Fwww.w3.org%2F2000%2Fsvg%27%20width%3D%271600%27%20height%3D%27900%27%20viewBox%3D%270%200%201600%20900%27%3E%3Crect%20width%3D%271600%27%20height%3D%27900%27%20fill-opacity%3D%220%22%2F%3E%3C%2Fsvg%3E\" data-srcset=\"https:\/\/leisurepools.eu\/wp-content\/uploads\/2020\/06\/leisure-library-landing-page-200x113.jpg 200w, https:\/\/leisurepools.eu\/wp-content\/uploads\/2020\/06\/leisure-library-landing-page-400x225.jpg 400w, https:\/\/leisurepools.eu\/wp-content\/uploads\/2020\/06\/leisure-library-landing-page-600x338.jpg 600w, https:\/\/leisurepools.eu\/wp-content\/uploads\/2020\/06\/leisure-library-landing-page-800x450.jpg 800w, https:\/\/leisurepools.eu\/wp-content\/uploads\/2020\/06\/leisure-library-landing-page-1200x675.jpg 1200w, https:\/\/leisurepools.eu\/wp-content\/uploads\/2020\/06\/leisure-library-landing-page.jpg 1600w\" data-sizes=\"auto\" data-orig-sizes=\"(max-width: 1024px) 100vw, (max-width: 480px) 100vw, 1600px\" \/><\/span><\/div><\/div><\/div><\/div><\/div><div class=\"fusion-fullwidth fullwidth-box fusion-builder-row-2 fusion-flex-container has-pattern-background has-mask-background nonhundred-percent-fullwidth non-hundred-percent-height-scrolling home-intro big-title\" style=\"--awb-background-position:left bottom;--awb-border-sizes-top:0px;--awb-border-sizes-bottom:0px;--awb-border-sizes-left:0px;--awb-border-sizes-right:0px;--awb-border-radius-top-left:0px;--awb-border-radius-top-right:0px;--awb-border-radius-bottom-right:0px;--awb-border-radius-bottom-left:0px;--awb-padding-top:100px;--awb-padding-right:15%;--awb-padding-bottom:100px;--awb-padding-left:15%;--awb-padding-top-medium:75px;--awb-padding-right-medium:30px;--awb-padding-bottom-medium:75px;--awb-padding-left-medium:30px;--awb-padding-top-small:50px;--awb-padding-right-small:20px;--awb-padding-bottom-small:50px;--awb-padding-left-small:20px;--awb-flex-wrap:wrap;\" ><div class=\"fusion-builder-row fusion-row fusion-flex-align-items-center fusion-flex-justify-content-center fusion-flex-content-wrap\" style=\"max-width:calc( 1600px + 0px );margin-left: calc(-0px \/ 2 );margin-right: calc(-0px \/ 2 );\"><div class=\"fusion-layout-column fusion_builder_column fusion-builder-column-1 fusion_builder_column_1_1 1_1 fusion-flex-column\" style=\"--awb-bg-size:cover;--awb-width-large:100%;--awb-margin-top-large:0px;--awb-spacing-right-large:0px;--awb-margin-bottom-large:0px;--awb-spacing-left-large:0px;--awb-width-medium:100%;--awb-order-medium:0;--awb-spacing-right-medium:0px;--awb-spacing-left-medium:0px;--awb-width-small:100%;--awb-order-small:0;--awb-spacing-right-small:0px;--awb-spacing-left-small:0px;\"><div class=\"fusion-column-wrapper fusion-column-has-shadow fusion-flex-justify-content-flex-start fusion-content-layout-column\"><div class=\"fusion-title title fusion-title-1 fusion-sep-none fusion-title-center fusion-title-text fusion-title-size-two libraryintroheader\" style=\"--awb-margin-top-small:10px;--awb-margin-right-small:0px;--awb-margin-bottom-small:10px;--awb-margin-left-small:0px;\"><h2 class=\"fusion-title-heading title-heading-center fusion-responsive-typography-calculated\" style=\"margin:0;--fontSize:34;line-height:1.2;\">Biblioth\u00e8que des loisirs.<\/h2><\/div><div class=\"fusion-text fusion-text-2 libraryintrosubtext\" style=\"--awb-content-alignment:center;\"><p>Des conseils avis\u00e9s et une connaissance approfondie du secteur pour vous permettre d\u2019acqu\u00e9rir la piscine Leisure Pools id\u00e9ale.<\/p>\n<\/div><\/div><\/div><\/div><\/div><div class=\"fusion-fullwidth fullwidth-box fusion-builder-row-3 nonhundred-percent-fullwidth non-hundred-percent-height-scrolling\" style=\"--awb-border-radius-top-left:0px;--awb-border-radius-top-right:0px;--awb-border-radius-bottom-right:0px;--awb-border-radius-bottom-left:0px;--awb-flex-wrap:wrap;\" ><div class=\"fusion-builder-row fusion-row\"><div class=\"fusion-layout-column fusion_builder_column fusion-builder-column-2 fusion_builder_column_1_1 1_1 fusion-one-full fusion-column-first fusion-column-last\" style=\"--awb-bg-color:#fafafa;--awb-bg-color-hover:#fafafa;--awb-bg-size:cover;\"><div class=\"fusion-column-wrapper fusion-column-has-shadow fusion-flex-column-wrapper-legacy\"><div class=\"fusion-blog-shortcode fusion-blog-shortcode-1 fusion-blog-archive fusion-blog-layout-grid-wrapper fusion-blog-infinite\" style=\"--grid_separator_color:#ffffff;\"><style type=\"text\/css\">.fusion-blog-shortcode-1 .fusion-blog-layout-grid .fusion-post-grid{padding:20px;}.fusion-blog-shortcode-1 .fusion-posts-container{margin-left: -20px !important; margin-right:-20px !important;}<\/style><div class=\"fusion-posts-container fusion-posts-container-infinite fusion-no-meta-info fusion-blog-layout-grid fusion-blog-layout-grid-3 isotope\" data-pages=\"1\" data-grid-col-space=\"40\" style=\"margin: -20px -20px 0;min-height:500px;\"><article id=\"blog-1-post-19280\" class=\"fusion-post-grid post-19280 post type-post status-publish format-standard has-post-thumbnail hentry category-leisure-pools-fr\">\n<div class=\"fusion-post-wrapper\" style=\"background-color:rgba(255,255,255,1);border:1px solid #ffffff;border-bottom-width:3px;\">\n\n\t\t\t<div class=\"fusion-flexslider flexslider fusion-flexslider-loading fusion-post-slideshow\" style=\"border-color:#ffffff;\">\n\t\t<ul class=\"slides\">\n\t\t\t\n\t\t\t\t\t\t\t\t\t\t\t\t\t\t<li><div  class=\"fusion-image-wrapper\" aria-haspopup=\"true\">\n\t\t\t\t\t\t\t<a href=\"https:\/\/leisurepools.eu\/fr\/leisure-pools-fr\/le-parcours-de-leisure-pools\/\" aria-label=\"Un quart de si\u00e8cle d\u2019excellence aquatique : Le parcours de Leisure Pools\">\n\t\t\t\t\t\t\t<img decoding=\"async\" width=\"1601\" height=\"901\" src=\"https:\/\/leisurepools.eu\/wp-content\/uploads\/2025\/05\/042525-25Anniversary-1Hero-1.jpg\" class=\"attachment-full size-full lazyload wp-post-image\" alt=\"A Quarter Century of Aquatic Excellence: The Leisure Pools Journey\" srcset=\"data:image\/svg+xml,%3Csvg%20xmlns%3D%27http%3A%2F%2Fwww.w3.org%2F2000%2Fsvg%27%20width%3D%271601%27%20height%3D%27901%27%20viewBox%3D%270%200%201601%20901%27%3E%3Crect%20width%3D%271601%27%20height%3D%27901%27%20fill-opacity%3D%220%22%2F%3E%3C%2Fsvg%3E\" data-orig-src=\"https:\/\/leisurepools.eu\/wp-content\/uploads\/2025\/05\/042525-25Anniversary-1Hero-1.jpg\" data-srcset=\"https:\/\/leisurepools.eu\/wp-content\/uploads\/2025\/05\/042525-25Anniversary-1Hero-1-200x113.jpg 200w, https:\/\/leisurepools.eu\/wp-content\/uploads\/2025\/05\/042525-25Anniversary-1Hero-1-400x225.jpg 400w, https:\/\/leisurepools.eu\/wp-content\/uploads\/2025\/05\/042525-25Anniversary-1Hero-1-600x338.jpg 600w, https:\/\/leisurepools.eu\/wp-content\/uploads\/2025\/05\/042525-25Anniversary-1Hero-1-800x450.jpg 800w, https:\/\/leisurepools.eu\/wp-content\/uploads\/2025\/05\/042525-25Anniversary-1Hero-1-1200x675.jpg 1200w, https:\/\/leisurepools.eu\/wp-content\/uploads\/2025\/05\/042525-25Anniversary-1Hero-1.jpg 1601w\" data-sizes=\"auto\" \/>\t\t\t<\/a>\n\t\t\t\t\t\t\t<\/div>\n<\/li>\n\t\t\t\n\t\t\t\n\t\t\t\t\t\t\t\t\t\t\t\t\t\t\t\t\t\t\t\t\t\t\t\t\t\t\t\t\t\t\t\t\t\t\t\t\t\t\t\t\t\t\t\t\t\t\t\t\t\t\t\t\t\t\t\t\t\t\t\t\t\t\t\t\t\t\t\t<\/ul>\n\t<\/div>\n\t<div class=\"fusion-post-content-wrapper\" style=\"padding:30px 25px 25px 25px;\"><div class=\"fusion-post-content post-content\"><h2 class=\"blog-shortcode-post-title entry-title\">Un quart de si\u00e8cle d\u2019excellence aquatique : Le parcours de Leisure Pools<\/h2><div class=\"fusion-post-content-container\"><p>Depuis 25 ans, Leisure Pools transforme des arri\u00e8re-cours ordinaires en sanctuaires extraordinaires o\u00f9 les familles cr\u00e9ent des souvenirs pr\u00e9cieux qui traversent les g\u00e9n\u00e9rations.<\/p><\/div><\/div><\/div><div class=\"fusion-clearfix\"><\/div><\/div>\n<\/article>\n<div class=\"fusion-clearfix\"><\/div><\/div><\/div><div class=\"fusion-clearfix\"><\/div><\/div><\/div><\/div><\/div><\/p>\n","protected":false},"excerpt":{"rendered":"","protected":false},"author":2,"featured_media":0,"parent":0,"menu_order":0,"comment_status":"closed","ping_status":"closed","template":"100-width.php","meta":{"footnotes":""},"class_list":["post-10312","page","type-page","status-publish","hentry"],"yoast_head":"<!-- This site is optimized with the Yoast SEO plugin v27.2 - https:\/\/yoast.com\/product\/yoast-seo-wordpress\/ -->\n<title>Blog Leisure Pools Europe - Renseignements et id\u00e9es concernant les piscines<\/title>\n<meta name=\"description\" content=\"Abonnez-vous \u00e0 notre Blog Leisure Pools Europe pour obtenir d\u2019excellentes id\u00e9es de conception, rester inform\u00e9 sur les nouveaux produits et recueillir des informations importantes concernant l\u2019\u00e9quipement.\" \/>\n<meta name=\"robots\" content=\"index, follow, max-snippet:-1, max-image-preview:large, max-video-preview:-1\" \/>\n<link rel=\"canonical\" href=\"https:\/\/leisurepools.eu\/fr\/blog-leisure-pools-europe\/\" \/>\n<meta property=\"og:locale\" content=\"fr_FR\" \/>\n<meta property=\"og:type\" content=\"article\" \/>\n<meta property=\"og:title\" content=\"Blog Leisure Pools Europe - Renseignements et id\u00e9es concernant les piscines\" \/>\n<meta property=\"og:description\" content=\"Abonnez-vous \u00e0 notre Blog Leisure Pools Europe pour obtenir d\u2019excellentes id\u00e9es de conception, rester inform\u00e9 sur les nouveaux produits et recueillir des informations importantes concernant l\u2019\u00e9quipement.\" \/>\n<meta property=\"og:url\" content=\"https:\/\/leisurepools.eu\/fr\/blog-leisure-pools-europe\/\" \/>\n<meta property=\"og:site_name\" content=\"Leisure Pools Europe\" \/>\n<meta property=\"article:modified_time\" content=\"2023-06-29T11:30:24+00:00\" \/>\n<meta name=\"twitter:card\" content=\"summary_large_image\" \/>\n<meta name=\"twitter:label1\" content=\"Dur\u00e9e de lecture estim\u00e9e\" \/>\n\t<meta name=\"twitter:data1\" content=\"14 minutes\" \/>\n<script type=\"application\/ld+json\" class=\"yoast-schema-graph\">{\"@context\":\"https:\/\/schema.org\",\"@graph\":[{\"@type\":\"WebPage\",\"@id\":\"https:\/\/leisurepools.eu\/fr\/blog-leisure-pools-europe\/\",\"url\":\"https:\/\/leisurepools.eu\/fr\/blog-leisure-pools-europe\/\",\"name\":\"Blog Leisure Pools Europe - Renseignements et id\u00e9es concernant les piscines\",\"isPartOf\":{\"@id\":\"https:\/\/leisurepools.eu\/fr\/#website\"},\"datePublished\":\"2021-05-24T08:52:37+00:00\",\"dateModified\":\"2023-06-29T11:30:24+00:00\",\"description\":\"Abonnez-vous \u00e0 notre Blog Leisure Pools Europe pour obtenir d\u2019excellentes id\u00e9es de conception, rester inform\u00e9 sur les nouveaux produits et recueillir des informations importantes concernant l\u2019\u00e9quipement.\",\"breadcrumb\":{\"@id\":\"https:\/\/leisurepools.eu\/fr\/blog-leisure-pools-europe\/#breadcrumb\"},\"inLanguage\":\"fr-FR\",\"potentialAction\":[{\"@type\":\"ReadAction\",\"target\":[\"https:\/\/leisurepools.eu\/fr\/blog-leisure-pools-europe\/\"]}]},{\"@type\":\"BreadcrumbList\",\"@id\":\"https:\/\/leisurepools.eu\/fr\/blog-leisure-pools-europe\/#breadcrumb\",\"itemListElement\":[{\"@type\":\"ListItem\",\"position\":1,\"name\":\"Home\",\"item\":\"https:\/\/leisurepools.eu\/fr\/\"},{\"@type\":\"ListItem\",\"position\":2,\"name\":\"Blog Leisure Pools Europe\"}]},{\"@type\":\"WebSite\",\"@id\":\"https:\/\/leisurepools.eu\/fr\/#website\",\"url\":\"https:\/\/leisurepools.eu\/fr\/\",\"name\":\"Leisure Pools Europe\",\"description\":\"Leisure Pools Europe\",\"publisher\":{\"@id\":\"https:\/\/leisurepools.eu\/fr\/#organization\"},\"potentialAction\":[{\"@type\":\"SearchAction\",\"target\":{\"@type\":\"EntryPoint\",\"urlTemplate\":\"https:\/\/leisurepools.eu\/fr\/?s={search_term_string}\"},\"query-input\":{\"@type\":\"PropertyValueSpecification\",\"valueRequired\":true,\"valueName\":\"search_term_string\"}}],\"inLanguage\":\"fr-FR\"},{\"@type\":\"Organization\",\"@id\":\"https:\/\/leisurepools.eu\/fr\/#organization\",\"name\":\"Leisure Pools Europe\",\"url\":\"https:\/\/leisurepools.eu\/fr\/\",\"logo\":{\"@type\":\"ImageObject\",\"inLanguage\":\"fr-FR\",\"@id\":\"https:\/\/leisurepools.eu\/fr\/#\/schema\/logo\/image\/\",\"url\":\"https:\/\/leisurepools.eu\/wp-content\/uploads\/2020\/04\/Element_LPLogo-Optimized_Standard_Tag-normal.svg\",\"contentUrl\":\"https:\/\/leisurepools.eu\/wp-content\/uploads\/2020\/04\/Element_LPLogo-Optimized_Standard_Tag-normal.svg\",\"width\":216,\"height\":84,\"caption\":\"Leisure Pools Europe\"},\"image\":{\"@id\":\"https:\/\/leisurepools.eu\/fr\/#\/schema\/logo\/image\/\"}}]}<\/script>\n<!-- \/ Yoast SEO plugin. -->","yoast_head_json":{"title":"Blog Leisure Pools Europe - Renseignements et id\u00e9es concernant les piscines","description":"Abonnez-vous \u00e0 notre Blog Leisure Pools Europe pour obtenir d\u2019excellentes id\u00e9es de conception, rester inform\u00e9 sur les nouveaux produits et recueillir des informations importantes concernant l\u2019\u00e9quipement.","robots":{"index":"index","follow":"follow","max-snippet":"max-snippet:-1","max-image-preview":"max-image-preview:large","max-video-preview":"max-video-preview:-1"},"canonical":"https:\/\/leisurepools.eu\/fr\/blog-leisure-pools-europe\/","og_locale":"fr_FR","og_type":"article","og_title":"Blog Leisure Pools Europe - Renseignements et id\u00e9es concernant les piscines","og_description":"Abonnez-vous \u00e0 notre Blog Leisure Pools Europe pour obtenir d\u2019excellentes id\u00e9es de conception, rester inform\u00e9 sur les nouveaux produits et recueillir des informations importantes concernant l\u2019\u00e9quipement.","og_url":"https:\/\/leisurepools.eu\/fr\/blog-leisure-pools-europe\/","og_site_name":"Leisure Pools Europe","article_modified_time":"2023-06-29T11:30:24+00:00","twitter_card":"summary_large_image","twitter_misc":{"Dur\u00e9e de lecture estim\u00e9e":"14 minutes"},"schema":{"@context":"https:\/\/schema.org","@graph":[{"@type":"WebPage","@id":"https:\/\/leisurepools.eu\/fr\/blog-leisure-pools-europe\/","url":"https:\/\/leisurepools.eu\/fr\/blog-leisure-pools-europe\/","name":"Blog Leisure Pools Europe - Renseignements et id\u00e9es concernant les piscines","isPartOf":{"@id":"https:\/\/leisurepools.eu\/fr\/#website"},"datePublished":"2021-05-24T08:52:37+00:00","dateModified":"2023-06-29T11:30:24+00:00","description":"Abonnez-vous \u00e0 notre Blog Leisure Pools Europe pour obtenir d\u2019excellentes id\u00e9es de conception, rester inform\u00e9 sur les nouveaux produits et recueillir des informations importantes concernant l\u2019\u00e9quipement.","breadcrumb":{"@id":"https:\/\/leisurepools.eu\/fr\/blog-leisure-pools-europe\/#breadcrumb"},"inLanguage":"fr-FR","potentialAction":[{"@type":"ReadAction","target":["https:\/\/leisurepools.eu\/fr\/blog-leisure-pools-europe\/"]}]},{"@type":"BreadcrumbList","@id":"https:\/\/leisurepools.eu\/fr\/blog-leisure-pools-europe\/#breadcrumb","itemListElement":[{"@type":"ListItem","position":1,"name":"Home","item":"https:\/\/leisurepools.eu\/fr\/"},{"@type":"ListItem","position":2,"name":"Blog Leisure Pools Europe"}]},{"@type":"WebSite","@id":"https:\/\/leisurepools.eu\/fr\/#website","url":"https:\/\/leisurepools.eu\/fr\/","name":"Leisure Pools Europe","description":"Leisure Pools Europe","publisher":{"@id":"https:\/\/leisurepools.eu\/fr\/#organization"},"potentialAction":[{"@type":"SearchAction","target":{"@type":"EntryPoint","urlTemplate":"https:\/\/leisurepools.eu\/fr\/?s={search_term_string}"},"query-input":{"@type":"PropertyValueSpecification","valueRequired":true,"valueName":"search_term_string"}}],"inLanguage":"fr-FR"},{"@type":"Organization","@id":"https:\/\/leisurepools.eu\/fr\/#organization","name":"Leisure Pools Europe","url":"https:\/\/leisurepools.eu\/fr\/","logo":{"@type":"ImageObject","inLanguage":"fr-FR","@id":"https:\/\/leisurepools.eu\/fr\/#\/schema\/logo\/image\/","url":"https:\/\/leisurepools.eu\/wp-content\/uploads\/2020\/04\/Element_LPLogo-Optimized_Standard_Tag-normal.svg","contentUrl":"https:\/\/leisurepools.eu\/wp-content\/uploads\/2020\/04\/Element_LPLogo-Optimized_Standard_Tag-normal.svg","width":216,"height":84,"caption":"Leisure Pools Europe"},"image":{"@id":"https:\/\/leisurepools.eu\/fr\/#\/schema\/logo\/image\/"}}]}},"_links":{"self":[{"href":"https:\/\/leisurepools.eu\/fr\/wp-json\/wp\/v2\/pages\/10312","targetHints":{"allow":["GET"]}}],"collection":[{"href":"https:\/\/leisurepools.eu\/fr\/wp-json\/wp\/v2\/pages"}],"about":[{"href":"https:\/\/leisurepools.eu\/fr\/wp-json\/wp\/v2\/types\/page"}],"author":[{"embeddable":true,"href":"https:\/\/leisurepools.eu\/fr\/wp-json\/wp\/v2\/users\/2"}],"replies":[{"embeddable":true,"href":"https:\/\/leisurepools.eu\/fr\/wp-json\/wp\/v2\/comments?post=10312"}],"version-history":[{"count":0,"href":"https:\/\/leisurepools.eu\/fr\/wp-json\/wp\/v2\/pages\/10312\/revisions"}],"wp:attachment":[{"href":"https:\/\/leisurepools.eu\/fr\/wp-json\/wp\/v2\/media?parent=10312"}],"curies":[{"name":"wp","href":"https:\/\/api.w.org\/{rel}","templated":true}]}}