{"id":10326,"date":"2021-05-24T15:07:04","date_gmt":"2021-05-24T13:07:04","guid":{"rendered":"https:\/\/leisurepools.eu\/404-page-non-trouvee\/"},"modified":"2023-10-05T16:58:18","modified_gmt":"2023-10-05T14:58:18","slug":"404-page-non-trouvee","status":"publish","type":"page","link":"https:\/\/leisurepools.eu\/fr\/404-page-non-trouvee\/","title":{"rendered":"404 &#8211; Page non trouv\u00e9e"},"content":{"rendered":"<div class=\"fusion-fullwidth fullwidth-box fusion-builder-row-1 fusion-flex-container has-pattern-background has-mask-background nonhundred-percent-fullwidth non-hundred-percent-height-scrolling banner-section blk-text text-top\" style=\"--awb-border-radius-top-left:0px;--awb-border-radius-top-right:0px;--awb-border-radius-bottom-right:0px;--awb-border-radius-bottom-left:0px;--awb-flex-wrap:wrap;\" ><div class=\"fusion-builder-row fusion-row fusion-flex-align-items-flex-start fusion-flex-content-wrap\" style=\"max-width:1664px;margin-left: calc(-4% \/ 2 );margin-right: calc(-4% \/ 2 );\"><div class=\"fusion-layout-column fusion_builder_column fusion-builder-column-0 fusion_builder_column_1_1 1_1 fusion-flex-column\" style=\"--awb-bg-size:cover;--awb-width-large:100%;--awb-margin-top-large:0px;--awb-spacing-right-large:1.92%;--awb-margin-bottom-large:0px;--awb-spacing-left-large:1.92%;--awb-width-medium:100%;--awb-order-medium:0;--awb-spacing-right-medium:1.92%;--awb-spacing-left-medium:1.92%;--awb-width-small:100%;--awb-order-small:0;--awb-spacing-right-small:1.92%;--awb-spacing-left-small:1.92%;\"><div class=\"fusion-column-wrapper fusion-column-has-shadow fusion-flex-justify-content-flex-start fusion-content-layout-column\"><div class=\"fusion-image-element \" style=\"--awb-caption-title-font-family:var(--h2_typography-font-family);--awb-caption-title-font-weight:var(--h2_typography-font-weight);--awb-caption-title-font-style:var(--h2_typography-font-style);--awb-caption-title-size:var(--h2_typography-font-size);--awb-caption-title-transform:var(--h2_typography-text-transform);--awb-caption-title-line-height:var(--h2_typography-line-height);--awb-caption-title-letter-spacing:var(--h2_typography-letter-spacing);\"><span class=\" fusion-imageframe imageframe-none imageframe-1 hover-type-none\"><img decoding=\"async\" width=\"1600\" height=\"1200\" title=\"404_image\" src=\"https:\/\/leisurepools.eu\/wp-content\/uploads\/2023\/10\/404_image.webp\" data-orig-src=\"https:\/\/leisurepools.eu\/wp-content\/uploads\/2023\/10\/404_image.webp\" alt class=\"lazyload img-responsive wp-image-18586\" srcset=\"data:image\/svg+xml,%3Csvg%20xmlns%3D%27http%3A%2F%2Fwww.w3.org%2F2000%2Fsvg%27%20width%3D%271600%27%20height%3D%271200%27%20viewBox%3D%270%200%201600%201200%27%3E%3Crect%20width%3D%271600%27%20height%3D%271200%27%20fill-opacity%3D%220%22%2F%3E%3C%2Fsvg%3E\" data-srcset=\"https:\/\/leisurepools.eu\/wp-content\/uploads\/2023\/10\/404_image-200x150.webp 200w, https:\/\/leisurepools.eu\/wp-content\/uploads\/2023\/10\/404_image-400x300.webp 400w, https:\/\/leisurepools.eu\/wp-content\/uploads\/2023\/10\/404_image-600x450.webp 600w, https:\/\/leisurepools.eu\/wp-content\/uploads\/2023\/10\/404_image-800x600.webp 800w, https:\/\/leisurepools.eu\/wp-content\/uploads\/2023\/10\/404_image-1200x900.webp 1200w, https:\/\/leisurepools.eu\/wp-content\/uploads\/2023\/10\/404_image.webp 1600w\" data-sizes=\"auto\" data-orig-sizes=\"(max-width: 1024px) 100vw, (max-width: 480px) 100vw, 1600px\" \/><\/span><\/div><div class=\"fusion-builder-row fusion-builder-row-inner fusion-row fusion-flex-align-items-flex-start fusion-flex-content-wrap\" style=\"--awb-flex-grow:0;--awb-flex-grow-medium:0;--awb-flex-grow-small:0;--awb-flex-shrink:0;--awb-flex-shrink-medium:0;--awb-flex-shrink-small:0;width:104% !important;max-width:104% !important;margin-left: calc(-4% \/ 2 );margin-right: calc(-4% \/ 2 );\"><div class=\"fusion-layout-column fusion_builder_column_inner fusion-builder-nested-column-0 fusion_builder_column_inner_1_1 1_1 fusion-flex-column banner-content\" style=\"--awb-bg-size:cover;--awb-width-large:100%;--awb-margin-top-large:0px;--awb-spacing-right-large:1.92%;--awb-margin-bottom-large:0px;--awb-spacing-left-large:1.92%;--awb-width-medium:100%;--awb-order-medium:0;--awb-spacing-right-medium:1.92%;--awb-spacing-left-medium:1.92%;--awb-width-small:100%;--awb-order-small:0;--awb-spacing-right-small:1.92%;--awb-spacing-left-small:1.92%;\" data-scroll-devices=\"small-visibility,medium-visibility,large-visibility\"><div class=\"fusion-column-wrapper fusion-column-has-shadow fusion-flex-justify-content-flex-start fusion-content-layout-column\"><div class=\"fusion-title title fusion-title-1 fusion-sep-none fusion-title-text fusion-title-size-one\" style=\"--awb-margin-top-small:10px;--awb-margin-right-small:0px;--awb-margin-bottom-small:10px;--awb-margin-left-small:0px;\"><h1 class=\"fusion-title-heading title-heading-left fusion-responsive-typography-calculated\" style=\"margin:0;--fontSize:75;line-height:1.33;\">Page non trouv\u00e9e.<\/h1><\/div><div class=\"fusion-text fusion-text-1\"><p>D\u00e9sol\u00e9, nous sommes all\u00e9s nous baigner.<br \/>\nReprenons le <u><a href=\"\/\">travail<\/a><\/u>.<\/p>\n<\/div><\/div><\/div><\/div><\/div><\/div><\/div><\/div>\n","protected":false},"excerpt":{"rendered":"","protected":false},"author":2,"featured_media":0,"parent":0,"menu_order":0,"comment_status":"closed","ping_status":"closed","template":"100-width.php","meta":{"footnotes":""},"class_list":["post-10326","page","type-page","status-publish","hentry"],"yoast_head":"<!-- This site is optimized with the Yoast SEO plugin v27.2 - https:\/\/yoast.com\/product\/yoast-seo-wordpress\/ -->\n<title>404 - Leisure Pools Europe<\/title>\n<meta name=\"description\" content=\"La page que vous cherchiez n&#039;a pas \u00e9t\u00e9 trouv\u00e9e. D\u00e9sol\u00e9, nous sommes all\u00e9s nous baigner. Reprenons le travail.\" \/>\n<meta name=\"robots\" content=\"index, follow, max-snippet:-1, max-image-preview:large, max-video-preview:-1\" \/>\n<link rel=\"canonical\" href=\"https:\/\/leisurepools.eu\/fr\/404-page-non-trouvee\/\" \/>\n<meta property=\"og:locale\" content=\"fr_FR\" \/>\n<meta property=\"og:type\" content=\"article\" \/>\n<meta property=\"og:title\" content=\"404 - Leisure Pools Europe\" \/>\n<meta property=\"og:description\" content=\"La page que vous cherchiez n&#039;a pas \u00e9t\u00e9 trouv\u00e9e. D\u00e9sol\u00e9, nous sommes all\u00e9s nous baigner. Reprenons le travail.\" \/>\n<meta property=\"og:url\" content=\"https:\/\/leisurepools.eu\/fr\/404-page-non-trouvee\/\" \/>\n<meta property=\"og:site_name\" content=\"Leisure Pools Europe\" \/>\n<meta property=\"article:modified_time\" content=\"2023-10-05T14:58:18+00:00\" \/>\n<meta name=\"twitter:card\" content=\"summary_large_image\" \/>\n<meta name=\"twitter:label1\" content=\"Dur\u00e9e de lecture estim\u00e9e\" \/>\n\t<meta name=\"twitter:data1\" content=\"10 minutes\" \/>\n<script type=\"application\/ld+json\" class=\"yoast-schema-graph\">{\"@context\":\"https:\/\/schema.org\",\"@graph\":[{\"@type\":\"WebPage\",\"@id\":\"https:\/\/leisurepools.eu\/fr\/404-page-non-trouvee\/\",\"url\":\"https:\/\/leisurepools.eu\/fr\/404-page-non-trouvee\/\",\"name\":\"404 - Leisure Pools Europe\",\"isPartOf\":{\"@id\":\"https:\/\/leisurepools.eu\/fr\/#website\"},\"datePublished\":\"2021-05-24T13:07:04+00:00\",\"dateModified\":\"2023-10-05T14:58:18+00:00\",\"description\":\"La page que vous cherchiez n'a pas \u00e9t\u00e9 trouv\u00e9e. D\u00e9sol\u00e9, nous sommes all\u00e9s nous baigner. Reprenons le travail.\",\"breadcrumb\":{\"@id\":\"https:\/\/leisurepools.eu\/fr\/404-page-non-trouvee\/#breadcrumb\"},\"inLanguage\":\"fr-FR\",\"potentialAction\":[{\"@type\":\"ReadAction\",\"target\":[\"https:\/\/leisurepools.eu\/fr\/404-page-non-trouvee\/\"]}]},{\"@type\":\"BreadcrumbList\",\"@id\":\"https:\/\/leisurepools.eu\/fr\/404-page-non-trouvee\/#breadcrumb\",\"itemListElement\":[{\"@type\":\"ListItem\",\"position\":1,\"name\":\"Home\",\"item\":\"https:\/\/leisurepools.eu\/fr\/\"},{\"@type\":\"ListItem\",\"position\":2,\"name\":\"404 &#8211; Page non trouv\u00e9e\"}]},{\"@type\":\"WebSite\",\"@id\":\"https:\/\/leisurepools.eu\/fr\/#website\",\"url\":\"https:\/\/leisurepools.eu\/fr\/\",\"name\":\"Leisure Pools Europe\",\"description\":\"Leisure Pools Europe\",\"publisher\":{\"@id\":\"https:\/\/leisurepools.eu\/fr\/#organization\"},\"potentialAction\":[{\"@type\":\"SearchAction\",\"target\":{\"@type\":\"EntryPoint\",\"urlTemplate\":\"https:\/\/leisurepools.eu\/fr\/?s={search_term_string}\"},\"query-input\":{\"@type\":\"PropertyValueSpecification\",\"valueRequired\":true,\"valueName\":\"search_term_string\"}}],\"inLanguage\":\"fr-FR\"},{\"@type\":\"Organization\",\"@id\":\"https:\/\/leisurepools.eu\/fr\/#organization\",\"name\":\"Leisure Pools Europe\",\"url\":\"https:\/\/leisurepools.eu\/fr\/\",\"logo\":{\"@type\":\"ImageObject\",\"inLanguage\":\"fr-FR\",\"@id\":\"https:\/\/leisurepools.eu\/fr\/#\/schema\/logo\/image\/\",\"url\":\"https:\/\/leisurepools.eu\/wp-content\/uploads\/2020\/04\/Element_LPLogo-Optimized_Standard_Tag-normal.svg\",\"contentUrl\":\"https:\/\/leisurepools.eu\/wp-content\/uploads\/2020\/04\/Element_LPLogo-Optimized_Standard_Tag-normal.svg\",\"width\":216,\"height\":84,\"caption\":\"Leisure Pools Europe\"},\"image\":{\"@id\":\"https:\/\/leisurepools.eu\/fr\/#\/schema\/logo\/image\/\"}}]}<\/script>\n<!-- \/ Yoast SEO plugin. -->","yoast_head_json":{"title":"404 - Leisure Pools Europe","description":"La page que vous cherchiez n'a pas \u00e9t\u00e9 trouv\u00e9e. D\u00e9sol\u00e9, nous sommes all\u00e9s nous baigner. Reprenons le travail.","robots":{"index":"index","follow":"follow","max-snippet":"max-snippet:-1","max-image-preview":"max-image-preview:large","max-video-preview":"max-video-preview:-1"},"canonical":"https:\/\/leisurepools.eu\/fr\/404-page-non-trouvee\/","og_locale":"fr_FR","og_type":"article","og_title":"404 - Leisure Pools Europe","og_description":"La page que vous cherchiez n'a pas \u00e9t\u00e9 trouv\u00e9e. D\u00e9sol\u00e9, nous sommes all\u00e9s nous baigner. Reprenons le travail.","og_url":"https:\/\/leisurepools.eu\/fr\/404-page-non-trouvee\/","og_site_name":"Leisure Pools Europe","article_modified_time":"2023-10-05T14:58:18+00:00","twitter_card":"summary_large_image","twitter_misc":{"Dur\u00e9e de lecture estim\u00e9e":"10 minutes"},"schema":{"@context":"https:\/\/schema.org","@graph":[{"@type":"WebPage","@id":"https:\/\/leisurepools.eu\/fr\/404-page-non-trouvee\/","url":"https:\/\/leisurepools.eu\/fr\/404-page-non-trouvee\/","name":"404 - Leisure Pools Europe","isPartOf":{"@id":"https:\/\/leisurepools.eu\/fr\/#website"},"datePublished":"2021-05-24T13:07:04+00:00","dateModified":"2023-10-05T14:58:18+00:00","description":"La page que vous cherchiez n'a pas \u00e9t\u00e9 trouv\u00e9e. D\u00e9sol\u00e9, nous sommes all\u00e9s nous baigner. Reprenons le travail.","breadcrumb":{"@id":"https:\/\/leisurepools.eu\/fr\/404-page-non-trouvee\/#breadcrumb"},"inLanguage":"fr-FR","potentialAction":[{"@type":"ReadAction","target":["https:\/\/leisurepools.eu\/fr\/404-page-non-trouvee\/"]}]},{"@type":"BreadcrumbList","@id":"https:\/\/leisurepools.eu\/fr\/404-page-non-trouvee\/#breadcrumb","itemListElement":[{"@type":"ListItem","position":1,"name":"Home","item":"https:\/\/leisurepools.eu\/fr\/"},{"@type":"ListItem","position":2,"name":"404 &#8211; Page non trouv\u00e9e"}]},{"@type":"WebSite","@id":"https:\/\/leisurepools.eu\/fr\/#website","url":"https:\/\/leisurepools.eu\/fr\/","name":"Leisure Pools Europe","description":"Leisure Pools Europe","publisher":{"@id":"https:\/\/leisurepools.eu\/fr\/#organization"},"potentialAction":[{"@type":"SearchAction","target":{"@type":"EntryPoint","urlTemplate":"https:\/\/leisurepools.eu\/fr\/?s={search_term_string}"},"query-input":{"@type":"PropertyValueSpecification","valueRequired":true,"valueName":"search_term_string"}}],"inLanguage":"fr-FR"},{"@type":"Organization","@id":"https:\/\/leisurepools.eu\/fr\/#organization","name":"Leisure Pools Europe","url":"https:\/\/leisurepools.eu\/fr\/","logo":{"@type":"ImageObject","inLanguage":"fr-FR","@id":"https:\/\/leisurepools.eu\/fr\/#\/schema\/logo\/image\/","url":"https:\/\/leisurepools.eu\/wp-content\/uploads\/2020\/04\/Element_LPLogo-Optimized_Standard_Tag-normal.svg","contentUrl":"https:\/\/leisurepools.eu\/wp-content\/uploads\/2020\/04\/Element_LPLogo-Optimized_Standard_Tag-normal.svg","width":216,"height":84,"caption":"Leisure Pools Europe"},"image":{"@id":"https:\/\/leisurepools.eu\/fr\/#\/schema\/logo\/image\/"}}]}},"_links":{"self":[{"href":"https:\/\/leisurepools.eu\/fr\/wp-json\/wp\/v2\/pages\/10326","targetHints":{"allow":["GET"]}}],"collection":[{"href":"https:\/\/leisurepools.eu\/fr\/wp-json\/wp\/v2\/pages"}],"about":[{"href":"https:\/\/leisurepools.eu\/fr\/wp-json\/wp\/v2\/types\/page"}],"author":[{"embeddable":true,"href":"https:\/\/leisurepools.eu\/fr\/wp-json\/wp\/v2\/users\/2"}],"replies":[{"embeddable":true,"href":"https:\/\/leisurepools.eu\/fr\/wp-json\/wp\/v2\/comments?post=10326"}],"version-history":[{"count":0,"href":"https:\/\/leisurepools.eu\/fr\/wp-json\/wp\/v2\/pages\/10326\/revisions"}],"wp:attachment":[{"href":"https:\/\/leisurepools.eu\/fr\/wp-json\/wp\/v2\/media?parent=10326"}],"curies":[{"name":"wp","href":"https:\/\/api.w.org\/{rel}","templated":true}]}}